{"id":9,"date":"2013-10-11T15:07:29","date_gmt":"2013-10-11T13:07:29","guid":{"rendered":"http:\/\/zahn.in\/?page_id=9"},"modified":"2023-06-13T18:42:12","modified_gmt":"2023-06-13T16:42:12","slug":"start","status":"publish","type":"page","link":"https:\/\/zahn.in\/","title":{"rendered":"Wir sind f\u00fcr Sie da!"},"content":{"rendered":"<div aria-live=\"polite\" id=\"soliloquy-container-4\" class=\"soliloquy-container soliloquy-transition-fade soliloquy-theme-classic\" style=\"max-width:985px;max-height:563px;\"><ul id=\"soliloquy-4\" class=\"soliloquy-slider soliloquy-slides soliloquy-wrap soliloquy-clear\"><li aria-hidden=\"true\" class=\"soliloquy-item soliloquy-item-1 soliloquy-image-slide\" draggable=\"false\" style=\"list-style:none\"><img id=\"soliloquy-image-85\" class=\"soliloquy-image soliloquy-image-1\" src=\"https:\/\/zahn.in\/wp-content\/uploads\/2013\/10\/Zahnarzt_Rothmaler_start_ji.jpg\" alt=\"Praxis Rothmaler Kronshagen\" \/><div class=\"soliloquy-caption\"><div class=\"soliloquy-caption-inside\">Zahnarztpraxis Rothmaler Kronshagen<\/div><\/div><\/li><li aria-hidden=\"true\" class=\"soliloquy-item soliloquy-item-2 soliloquy-image-slide\" draggable=\"false\" style=\"list-style:none\"><img id=\"soliloquy-image-16\" class=\"soliloquy-image soliloquy-image-2\" src=\"https:\/\/zahn.in\/wp-content\/uploads\/2013\/10\/Zahnarztpraxis-Rothmaler.jpg\" alt=\"Kronshagen \/ Kiel\" \/><div class=\"soliloquy-caption\"><div class=\"soliloquy-caption-inside\">Praxis Kronshagen<\/div><\/div><\/li><\/ul><\/div><noscript><style type=\"text\/css\">#soliloquy-container-4{opacity:1}<\/style><\/noscript>\n<p>Liebe Patienten,<\/p>\n<p>Z\u00e4hne sind unsere Leidenschaft. Gesunde Z\u00e4hne von Anfang an.<br \/>\nWir helfen Ihnen dabei mit individuellen L\u00f6sungen. Lernen Sie uns pers\u00f6nlich kennen, wir freuen uns auf Sie.<\/p>\n<p>Bitte helfen Sie uns, in der jetzigen Zeit den Praxisbesuch so reibungslos, wie m\u00f6glich zu gestalten.<\/p>\n<p>Daher bitten wir Sie, nach M\u00f6glichkeit vorher die Beiden Anamneseb\u00f6gen auszuf\u00fcllen und anschlie\u00dfend ausgedruckt und unterschrieben zu Ihrem ersten Besuch in unserer Praxis mitzunehmen.<\/p>\n<p>Bei Fragen stehen wir Ihnen selbstverst\u00e4ndlich gerne zur Verf\u00fcgung.<\/p>\n<p>Ihr<br \/>\nChristian Rothmaler<\/p>\n<p><a href=\"https:\/\/zahn.in\/wp-content\/uploads\/2020\/12\/Anamnese-Kronshagen-neuneu.pdf\">Anamnese Kronshagen<\/a><\/p>\n<p>&nbsp;<\/p>\n","protected":false},"excerpt":{"rendered":"<p>Liebe Patienten, Z\u00e4hne sind unsere Leidenschaft. Gesunde Z\u00e4hne von Anfang an. Wir helfen Ihnen dabei mit individuellen L\u00f6sungen. Lernen Sie uns pers\u00f6nlich kennen, wir freuen uns auf Sie. Bitte helfen Sie uns, in der jetzigen Zeit den Praxisbesuch so reibungslos, wie m\u00f6glich zu gestalten. Daher bitten wir Sie, nach M\u00f6glichkeit vorher die Beiden Anamneseb\u00f6gen auszuf\u00fcllen [&hellip;]<\/p>\n","protected":false},"author":2,"featured_media":0,"parent":0,"menu_order":0,"comment_status":"closed","ping_status":"closed","template":"","meta":[],"_links":{"self":[{"href":"https:\/\/zahn.in\/index.php?rest_route=\/wp\/v2\/pages\/9"}],"collection":[{"href":"https:\/\/zahn.in\/index.php?rest_route=\/wp\/v2\/pages"}],"about":[{"href":"https:\/\/zahn.in\/index.php?rest_route=\/wp\/v2\/types\/page"}],"author":[{"embeddable":true,"href":"https:\/\/zahn.in\/index.php?rest_route=\/wp\/v2\/users\/2"}],"replies":[{"embeddable":true,"href":"https:\/\/zahn.in\/index.php?rest_route=%2Fwp%2Fv2%2Fcomments&post=9"}],"version-history":[{"count":13,"href":"https:\/\/zahn.in\/index.php?rest_route=\/wp\/v2\/pages\/9\/revisions"}],"predecessor-version":[{"id":242,"href":"https:\/\/zahn.in\/index.php?rest_route=\/wp\/v2\/pages\/9\/revisions\/242"}],"wp:attachment":[{"href":"https:\/\/zahn.in\/index.php?rest_route=%2Fwp%2Fv2%2Fmedia&parent=9"}],"curies":[{"name":"wp","href":"https:\/\/api.w.org\/{rel}","templated":true}]}}