{"id":180,"date":"2015-05-29T08:47:17","date_gmt":"2015-05-29T06:47:17","guid":{"rendered":"http:\/\/zahn.in\/?page_id=180"},"modified":"2015-07-07T12:01:35","modified_gmt":"2015-07-07T10:01:35","slug":"leitgedanke","status":"publish","type":"page","link":"https:\/\/zahn.in\/?page_id=180","title":{"rendered":"Leitgedanke"},"content":{"rendered":"<p><img decoding=\"async\" style=\"width: 250px; float: right; margin-left: 20px; margin-bottom: 20px;\" src=\"http:\/\/zahn.in\/wp-content\/uploads\/2015\/07\/Leitgedanke_Zahnarzt_Familie.jpg\" alt=\"Zahnarzt bringt Kind das Z\u00e4hneputzen bei\" \/><\/p>\n<div style=\"text-align: justify;\"><strong>Leitgedanke &#8211; Philosophie<\/strong><\/p>\n<p>Unsere Praxis versteht sich als <strong>Ausbildungspraxis<\/strong>, das hei\u00dft wir bem\u00fchen uns um die Berufsausbildung von Zahnmedizinischen Fachangestellten und Assistenzzahn\u00e4rzten. Junge Akademiker haben bei uns die M\u00f6glichkeit nach abgeschlossenem Studium der Zahnmedizin (Erlangung der Approbation) bei uns 6 bis 24 Monate zu hospitieren. Der Assistenzzahnarzt arbeitet eigenst\u00e4ndig unter Anleitung des Praxisinhabers. Er f\u00fchrt selbst\u00e4ndig Sprechstunden und Hausbesuche durch und beteiligt sich an der not\u00e4rztlichen Versorgung sowie an Urlaubsvertretungen. Bitte unterst\u00fctzen auch Sie unseren Ausbildungsleitgedanken und geben den jungen Zahn\u00e4rzten eine M\u00f6glichkeit Sie behandeln zu d\u00fcrfen. Damit<br \/>\nwir auch in Zukunft qualifizierte Zahn\u00e4rzte haben.<\/p>\n<p><strong>Leitgedanke<\/strong><br \/>\nAusbildungspraxis: Sicherung der hochwertigen Zahnmedizin von morgen durch qualifizierte Zahn\u00e4rzte und qualifizierte Zahnmedizinische Fachangestellte<\/p>\n<p><strong>Philosophie<\/strong><br \/>\nBei uns steht der Patient im Mittelpunkt. Alles aus einer Hand. Modern, nachhaltig, engagiert. Zum Wohle unserer Patienten, damit wir Ihnen auch in Zukunft Zahnmedizin auf hohem Niveau bieten k\u00f6nnen.<\/div>\n","protected":false},"excerpt":{"rendered":"<p>Leitgedanke &#8211; Philosophie Unsere Praxis versteht sich als Ausbildungspraxis, das hei\u00dft wir bem\u00fchen uns um die Berufsausbildung von Zahnmedizinischen Fachangestellten und Assistenzzahn\u00e4rzten. Junge Akademiker haben bei uns die M\u00f6glichkeit nach abgeschlossenem Studium der Zahnmedizin (Erlangung der Approbation) bei uns 6 bis 24 Monate zu hospitieren. Der Assistenzzahnarzt arbeitet eigenst\u00e4ndig unter Anleitung des Praxisinhabers. Er f\u00fchrt [&hellip;]<\/p>\n","protected":false},"author":2,"featured_media":0,"parent":0,"menu_order":0,"comment_status":"closed","ping_status":"closed","template":"","meta":[],"_links":{"self":[{"href":"https:\/\/zahn.in\/index.php?rest_route=\/wp\/v2\/pages\/180"}],"collection":[{"href":"https:\/\/zahn.in\/index.php?rest_route=\/wp\/v2\/pages"}],"about":[{"href":"https:\/\/zahn.in\/index.php?rest_route=\/wp\/v2\/types\/page"}],"author":[{"embeddable":true,"href":"https:\/\/zahn.in\/index.php?rest_route=\/wp\/v2\/users\/2"}],"replies":[{"embeddable":true,"href":"https:\/\/zahn.in\/index.php?rest_route=%2Fwp%2Fv2%2Fcomments&post=180"}],"version-history":[{"count":9,"href":"https:\/\/zahn.in\/index.php?rest_route=\/wp\/v2\/pages\/180\/revisions"}],"predecessor-version":[{"id":194,"href":"https:\/\/zahn.in\/index.php?rest_route=\/wp\/v2\/pages\/180\/revisions\/194"}],"wp:attachment":[{"href":"https:\/\/zahn.in\/index.php?rest_route=%2Fwp%2Fv2%2Fmedia&parent=180"}],"curies":[{"name":"wp","href":"https:\/\/api.w.org\/{rel}","templated":true}]}}