{"id":175,"date":"2015-05-18T18:43:37","date_gmt":"2015-05-18T16:43:37","guid":{"rendered":"http:\/\/zahn.in\/?page_id=175"},"modified":"2015-05-29T09:23:15","modified_gmt":"2015-05-29T07:23:15","slug":"preise","status":"publish","type":"page","link":"https:\/\/zahn.in\/?page_id=175","title":{"rendered":"Preise"},"content":{"rendered":"<p><img decoding=\"async\" style=\"float: right;\" src=\"http:\/\/blog.zahn.in\/wp-content\/uploads\/2015\/05\/Zahn_Preise.jpg\" alt=\"Zahn_Waage_Euro_Preise\" \/><\/p>\n<div style=\"text-align: justify;\">\n<p>H\u00e4ufig wird uns die Frage nach dem Preis gestellt, was z.B. Implantate kosten. Gleiches gilt f\u00fcr alle anderen zahn\u00e4rztlichen Behandlungen. Leider wird hierbei oft \u00fcbersehen, dass es sich um individuelle und oft sehr komplexe Behandlungsvorg\u00e4nge handelt.<\/p>\n<p>Sinnvoll ist schlie\u00dflich nur ein Betreuungskonzept mit dem Ziel, der Erhaltung oder Wiederherstellung der Zahn-Gesundheit.<\/p>\n<p>Unsere Patienten werden so behandelt, wie auch wir behandelt werden wollen: <strong>nachhaltig, hochwertig und vor allem selbstbestimmend<\/strong><\/p>\n<p>\u00dcber den Preis und den Wert jeder Behandlung entscheidet bei uns immer die Patientin\/ der Patient selbst.<\/p>\n<p>Damit der Preis und der Wert der Behandlung im Einklang stehen, entscheidet immer der Patient \u00fcber seinen pers\u00f6nlichen Nutzen.<\/p>\n<p>Denn vergessen Sie nicht: <strong>Gesundheit ist durch nichts zu ersetzen!<\/strong><\/p>\n<\/div>\n","protected":false},"excerpt":{"rendered":"<p>H\u00e4ufig wird uns die Frage nach dem Preis gestellt, was z.B. Implantate kosten. Gleiches gilt f\u00fcr alle anderen zahn\u00e4rztlichen Behandlungen. Leider wird hierbei oft \u00fcbersehen, dass es sich um individuelle und oft sehr komplexe Behandlungsvorg\u00e4nge handelt. Sinnvoll ist schlie\u00dflich nur ein Betreuungskonzept mit dem Ziel, der Erhaltung oder Wiederherstellung der Zahn-Gesundheit. Unsere Patienten werden so [&hellip;]<\/p>\n","protected":false},"author":2,"featured_media":0,"parent":0,"menu_order":0,"comment_status":"closed","ping_status":"closed","template":"","meta":[],"_links":{"self":[{"href":"https:\/\/zahn.in\/index.php?rest_route=\/wp\/v2\/pages\/175"}],"collection":[{"href":"https:\/\/zahn.in\/index.php?rest_route=\/wp\/v2\/pages"}],"about":[{"href":"https:\/\/zahn.in\/index.php?rest_route=\/wp\/v2\/types\/page"}],"author":[{"embeddable":true,"href":"https:\/\/zahn.in\/index.php?rest_route=\/wp\/v2\/users\/2"}],"replies":[{"embeddable":true,"href":"https:\/\/zahn.in\/index.php?rest_route=%2Fwp%2Fv2%2Fcomments&post=175"}],"version-history":[{"count":1,"href":"https:\/\/zahn.in\/index.php?rest_route=\/wp\/v2\/pages\/175\/revisions"}],"predecessor-version":[{"id":176,"href":"https:\/\/zahn.in\/index.php?rest_route=\/wp\/v2\/pages\/175\/revisions\/176"}],"wp:attachment":[{"href":"https:\/\/zahn.in\/index.php?rest_route=%2Fwp%2Fv2%2Fmedia&parent=175"}],"curies":[{"name":"wp","href":"https:\/\/api.w.org\/{rel}","templated":true}]}}