{"id":165,"date":"2015-05-08T11:55:53","date_gmt":"2015-05-08T09:55:53","guid":{"rendered":"http:\/\/zahn.in\/?page_id=165"},"modified":"2015-05-29T09:23:43","modified_gmt":"2015-05-29T07:23:43","slug":"service","status":"publish","type":"page","link":"https:\/\/zahn.in\/?page_id=165","title":{"rendered":"Service"},"content":{"rendered":"<ul>\n<li>EC-Karten Zahlung<\/li>\n<li>Recall: Erinnerung an die Vorsorge, Erinnerung an Ihren n\u00e4chsten Termin, Erinnerung an Ihre Prophylaxe per Telefon, per Email, per SMS oder per WhatsApp<\/li>\n<li>Hausbesuche nach Absprache m\u00f6glich auch in den umliegenden Seniorenheimen<\/li>\n<li>Behandlungszeiten nach Vereinbarung auch au\u00dferhalb der Sprechzeiten m\u00f6glich<\/li>\n<li>Testputzen\/ Ausprobieren von elektrischen Zahnb\u00fcrsten m\u00f6glich. Bei Interesse sprechen Sie uns bitte an.<\/li>\n<li>Selbstverst\u00e4ndlich d\u00fcrfen Sie Ihre Lieblingsmusik\/ H\u00f6rbuch via eigenem MP3 Player\/ I-Pod w\u00e4hrend der Behandlung h\u00f6ren.<\/li>\n<li>Hilfestellung bei Abrechnungsfragen. Hierf\u00fcr bitten wir um telefonische Terminabsprache.<\/li>\n<\/ul>\n","protected":false},"excerpt":{"rendered":"<p>EC-Karten Zahlung Recall: Erinnerung an die Vorsorge, Erinnerung an Ihren n\u00e4chsten Termin, Erinnerung an Ihre Prophylaxe per Telefon, per Email, per SMS oder per WhatsApp Hausbesuche nach Absprache m\u00f6glich auch in den umliegenden Seniorenheimen Behandlungszeiten nach Vereinbarung auch au\u00dferhalb der Sprechzeiten m\u00f6glich Testputzen\/ Ausprobieren von elektrischen Zahnb\u00fcrsten m\u00f6glich. Bei Interesse sprechen Sie uns bitte an. [&hellip;]<\/p>\n","protected":false},"author":2,"featured_media":0,"parent":0,"menu_order":0,"comment_status":"closed","ping_status":"closed","template":"","meta":[],"_links":{"self":[{"href":"https:\/\/zahn.in\/index.php?rest_route=\/wp\/v2\/pages\/165"}],"collection":[{"href":"https:\/\/zahn.in\/index.php?rest_route=\/wp\/v2\/pages"}],"about":[{"href":"https:\/\/zahn.in\/index.php?rest_route=\/wp\/v2\/types\/page"}],"author":[{"embeddable":true,"href":"https:\/\/zahn.in\/index.php?rest_route=\/wp\/v2\/users\/2"}],"replies":[{"embeddable":true,"href":"https:\/\/zahn.in\/index.php?rest_route=%2Fwp%2Fv2%2Fcomments&post=165"}],"version-history":[{"count":2,"href":"https:\/\/zahn.in\/index.php?rest_route=\/wp\/v2\/pages\/165\/revisions"}],"predecessor-version":[{"id":169,"href":"https:\/\/zahn.in\/index.php?rest_route=\/wp\/v2\/pages\/165\/revisions\/169"}],"wp:attachment":[{"href":"https:\/\/zahn.in\/index.php?rest_route=%2Fwp%2Fv2%2Fmedia&parent=165"}],"curies":[{"name":"wp","href":"https:\/\/api.w.org\/{rel}","templated":true}]}}