{"id":145,"date":"2015-05-07T15:16:41","date_gmt":"2015-05-07T13:16:41","guid":{"rendered":"http:\/\/zahn.in\/?page_id=145"},"modified":"2015-05-29T09:24:01","modified_gmt":"2015-05-29T07:24:01","slug":"stellenangebote","status":"publish","type":"page","link":"https:\/\/zahn.in\/?page_id=145","title":{"rendered":"Stellenangebote"},"content":{"rendered":"<p>Wir suchen zur Verst\u00e4rkung unseres Praxisteams eine\/n Zahnmedizinische Fachangestellte f\u00fcr die Stuhlassistenz\/Prophylaxe in Vollzeit.<\/p>\n<p>Wenn Sie engagiert und kommunikativ sind, Spa\u00df an Ihrer Arbeit haben, dann w\u00fcrden wir uns \u00fcber Ihre Bewerbung freuen.<\/p>\n<hr>\n<p>Wir suchen f\u00fcr unsere Zweigstelle in Elmschenhagen eine\/n Zahnmedizinische Fachangestellte in Vollzeit als Alroundkraft (Anmeldung, Terminvergabe, Assistenz und PZR).<\/p>\n<p>Wenn Sie gern eigenst\u00e4ndig arbeiten, Sie nicht so schnell den \u00dcberblick verlieren, sich mit der Anmeldung (Telefon, PC) genauso auskennen, wie mit der Vor- und Nachbereitung der Behandlungen, R\u00f6ntgen und Behandlungsassistenz, dann freuen wir uns Sie kennenzulernen.<\/p>\n<hr>\n<p>Als Ausbildungspraxis bieten wir Ausbildungsassistenten die M\u00f6glichkeit bei uns zu hospitieren. Unterschiedliche Modelle sind denkbar Vollzeit, Teilzeit oder auch begrenzt f\u00fcr 6 Monate.<\/p>\n<p>Sind Sie interessiert an einem modernen Konzept, umfassender ganzheitlicher Zahnheilkunde?<\/p>\n<p>Wir bieten interessante Qualifikationsm\u00f6glichkeiten:<\/p>\n<ul>\n<li>Ganzheitliche Zahnheilkunde<\/li>\n<li>Implantologie<\/li>\n<li>Endodontie<\/li>\n<li>\u00c4sthetische Zahnheilkunde<\/li>\n<li>Restaurative Zahnheilkunde<\/li>\n<li>PZR Prophylaxe<\/li>\n<li>PAR<\/li>\n<\/ul>\n<p>Wir freuen uns auf Ihre Bewerbung.<\/p>\n<hr>\n<p>Wir bilden zur\/zum Zahnmedizinischen Fachangestellten aus<\/p>\n<p>Wenn Du einen zukunftssicheren Beruf erlernen m\u00f6chtest, der facettenreich ist und Dir viele M\u00f6glichkeiten der Weiterbildung\/Entwicklung bietet, dann bist Du bei uns richtig.<\/p>\n","protected":false},"excerpt":{"rendered":"<p>Wir suchen zur Verst\u00e4rkung unseres Praxisteams eine\/n Zahnmedizinische Fachangestellte f\u00fcr die Stuhlassistenz\/Prophylaxe in Vollzeit. Wenn Sie engagiert und kommunikativ sind, Spa\u00df an Ihrer Arbeit haben, dann w\u00fcrden wir uns \u00fcber Ihre Bewerbung freuen. Wir suchen f\u00fcr unsere Zweigstelle in Elmschenhagen eine\/n Zahnmedizinische Fachangestellte in Vollzeit als Alroundkraft (Anmeldung, Terminvergabe, Assistenz und PZR). Wenn Sie gern [&hellip;]<\/p>\n","protected":false},"author":2,"featured_media":0,"parent":0,"menu_order":0,"comment_status":"closed","ping_status":"closed","template":"","meta":[],"_links":{"self":[{"href":"https:\/\/zahn.in\/index.php?rest_route=\/wp\/v2\/pages\/145"}],"collection":[{"href":"https:\/\/zahn.in\/index.php?rest_route=\/wp\/v2\/pages"}],"about":[{"href":"https:\/\/zahn.in\/index.php?rest_route=\/wp\/v2\/types\/page"}],"author":[{"embeddable":true,"href":"https:\/\/zahn.in\/index.php?rest_route=\/wp\/v2\/users\/2"}],"replies":[{"embeddable":true,"href":"https:\/\/zahn.in\/index.php?rest_route=%2Fwp%2Fv2%2Fcomments&post=145"}],"version-history":[{"count":9,"href":"https:\/\/zahn.in\/index.php?rest_route=\/wp\/v2\/pages\/145\/revisions"}],"predecessor-version":[{"id":164,"href":"https:\/\/zahn.in\/index.php?rest_route=\/wp\/v2\/pages\/145\/revisions\/164"}],"wp:attachment":[{"href":"https:\/\/zahn.in\/index.php?rest_route=%2Fwp%2Fv2%2Fmedia&parent=145"}],"curies":[{"name":"wp","href":"https:\/\/api.w.org\/{rel}","templated":true}]}}